{"id":18,"date":"2024-10-11T09:50:23","date_gmt":"2024-10-11T09:50:23","guid":{"rendered":"http:\/\/dradra.de\/?page_id=18"},"modified":"2024-10-11T12:51:59","modified_gmt":"2024-10-11T12:51:59","slug":"physio-lehre","status":"publish","type":"page","link":"https:\/\/physiotl.de\/?page_id=18","title":{"rendered":"Lehre in den Gesundheitsberufen: Physiotherapie, Ergotherapie und Pflege"},"content":{"rendered":"<p><img loading=\"lazy\" decoding=\"async\" class=\"wp-image-79 alignright\" src=\"https:\/\/physiotl.de\/wp-content\/uploads\/2016\/04\/P1010510a-150x150.jpg\" alt=\"P1010510a\" width=\"263\" height=\"263\" \/><\/p>\n<p style=\"text-align: left;\">Ich \u00fcbernehme Lehrauftr\u00e4ge an Hoch- und Fachschulen des Gesundheitswesens f\u00fcr Sch\u00fclerInnen und Studierende der <strong>Physio- und Ergotherapie<\/strong> sowie der<strong> Pflege <\/strong>sowie der<strong> Sozialassistenz.<\/strong><\/p>\n<p style=\"text-align: left;\"><strong>Lehrauftr\u00e4ge an der ASH i<\/strong>n den prim\u00e4rqualifizierenden und additiven Studieng\u00e4ngen der <strong>Physio- und Ergotherapie<\/strong> seit WiSe 2015.<\/p>\n<ul>\n<li>Krisenbew\u00e4ltigung: Eigene Krisen, Krisen am Arbeitsplatz, Krisen der Klient:innen, sowie umwelt- und politische Krisen<\/li>\n<li>Soziales Lernen und soziales Arbeiten<\/li>\n<li>Evidenz-basierte Praxis der Physio-\/Ergotherapie<\/li>\n<li>Wissenschaft in Praxis: Vermittlung\/Ver\u00e4nderung<\/li>\n<li>Gesundheits-\/Rehabilitationswissenschaften und Ethik<\/li>\n<li>Gesundheitsf\u00f6rderung und Pr\u00e4vention<\/li>\n<li>Akteur_innen im Gesundheitswesen<\/li>\n<li>Bachelor-Kolloquium<\/li>\n<li>Praxis-Reflexionstage<\/li>\n<\/ul>\n<p><strong>Lehrauftr\u00e4ge, Schulleiterin bei acenta, sp\u00e4ter Cenfila GgmbH.<\/strong><\/p>\n<p>Lernfelder in Altenpflege, der generalistischen Pflgeausbildung und in der Sozialassistenz:<\/p>\n<ul>\n<li>Ethik in der Pflege (Demenz und Selbstbestimmung, Fixierung, Nahrungsverweigerung)<\/li>\n<li>Verlustsituationen<\/li>\n<li>Trauer<\/li>\n<li>Glaubens- und Lebensfragen<\/li>\n<li>Kontrakturprophylaxe<\/li>\n<li>Bewegung und Immobilit\u00e4t<\/li>\n<li>Sturzprophylaxe<\/li>\n<li>Transfer<\/li>\n<li>Interdisziplinarit\u00e4t<\/li>\n<li>Sich besch\u00e4ftigen k\u00f6nnen<\/li>\n<li>Behandlungspflege (Diabetes mellitus und Blutzuckermessung)<\/li>\n<\/ul>\n","protected":false},"excerpt":{"rendered":"<p>Ich \u00fcbernehme Lehrauftr\u00e4ge an Hoch- und Fachschulen des Gesundheitswesens f\u00fcr Sch\u00fclerInnen und Studierende der Physio- und Ergotherapie sowie der Pflege sowie der Sozialassistenz. Lehrauftr\u00e4ge an der ASH in den prim\u00e4rqualifizierenden und additiven Studieng\u00e4ngen der Physio- und Ergotherapie seit WiSe 2015. Krisenbew\u00e4ltigung: Eigene Krisen, Krisen am Arbeitsplatz, Krisen der Klient:innen, sowie umwelt- und politische Krisen Soziales &hellip; <a href=\"https:\/\/physiotl.de\/?page_id=18\" class=\"more-link\"><span class=\"screen-reader-text\">Lehre in den Gesundheitsberufen: Physiotherapie, Ergotherapie und Pflege<\/span> weiterlesen<\/a><\/p>\n","protected":false},"author":1,"featured_media":0,"parent":0,"menu_order":0,"comment_status":"closed","ping_status":"closed","template":"","meta":{"footnotes":""},"class_list":["post-18","page","type-page","status-publish","hentry"],"_links":{"self":[{"href":"https:\/\/physiotl.de\/index.php?rest_route=\/wp\/v2\/pages\/18","targetHints":{"allow":["GET"]}}],"collection":[{"href":"https:\/\/physiotl.de\/index.php?rest_route=\/wp\/v2\/pages"}],"about":[{"href":"https:\/\/physiotl.de\/index.php?rest_route=\/wp\/v2\/types\/page"}],"author":[{"embeddable":true,"href":"https:\/\/physiotl.de\/index.php?rest_route=\/wp\/v2\/users\/1"}],"replies":[{"embeddable":true,"href":"https:\/\/physiotl.de\/index.php?rest_route=%2Fwp%2Fv2%2Fcomments&post=18"}],"version-history":[{"count":33,"href":"https:\/\/physiotl.de\/index.php?rest_route=\/wp\/v2\/pages\/18\/revisions"}],"predecessor-version":[{"id":296,"href":"https:\/\/physiotl.de\/index.php?rest_route=\/wp\/v2\/pages\/18\/revisions\/296"}],"wp:attachment":[{"href":"https:\/\/physiotl.de\/index.php?rest_route=%2Fwp%2Fv2%2Fmedia&parent=18"}],"curies":[{"name":"wp","href":"https:\/\/api.w.org\/{rel}","templated":true}]}}