{"id":2,"date":"2024-10-11T09:55:31","date_gmt":"2024-10-11T09:55:31","guid":{"rendered":"http:\/\/wp45m.a10-52-158-154.qa.plesk.ru\/wordpress\/?page_id=2"},"modified":"2024-10-11T12:49:20","modified_gmt":"2024-10-11T12:49:20","slug":"sample-page","status":"publish","type":"page","link":"https:\/\/physiotl.de\/?page_id=2","title":{"rendered":"Physio &#8211; Therapie"},"content":{"rendered":"<p><strong>Therapeutische Leistungen* in Ihrem h\u00e4uslichen und beruflichen Umfeld<br \/><\/strong><\/p>\n<p><img loading=\"lazy\" decoding=\"async\" class=\" wp-image-11 alignright\" src=\"https:\/\/physiotl.de\/wp-content\/uploads\/2016\/04\/P1030147-150x150.jpg\" alt=\"\" width=\"266\" height=\"266\" \/><\/p>\n<ul>\n<li>Krankengymnastik<\/li>\n<li>Manuelle Therapie<\/li>\n<li>Qi Gong<\/li>\n<li>Tai Qi \u2013 Qi Gong<\/li>\n<li>Behandlung bei Fehlregulation der Muskel- oder Gelenkfunktion der Kiefergelenke<\/li>\n<li>Behandlungen neuro-physiologischer Beeintr\u00e4chtigungen (bspw. Schlaganfall, Multiple Sklerose)<\/li>\n<li>Behandlungen gyn\u00e4kologischer Erkrankungen<\/li>\n<li>u.v.a.m.<\/li>\n<\/ul>\n\n\n<p><strong>Leistungen* in Ihrem h\u00e4uslichen Umfeld<\/strong><\/p>\n\n\n<div class=\"wp-block-image\">\n<figure class=\"alignleft is-resized\"><img loading=\"lazy\" decoding=\"async\" width=\"150\" height=\"150\" src=\"https:\/\/physiotl.de\/wp-content\/uploads\/2016\/04\/P1030160-150x150.jpg\" alt=\"\" class=\"wp-image-32\" style=\"width:260px;height:auto\"\/><\/figure>\n<\/div>\n\n\n<p>Seit 2005 bin ich in der h\u00e4uslichen Palliativversorgung t\u00e4tig. Neben den <strong>physiotherapeutischen Behandlungen<\/strong>, die sehr genau auf die Bed\u00fcrfnisse und <strong>W\u00fcnsche der Patient\/innen<\/strong> ausgerichtet sind, sehe ich meine Aufgabe in der <strong>psychosozialen Betreuung<\/strong>. Dazu geh\u00f6rt&nbsp;vor allem die Kommunikation mit den Patient\/innen &#8211; ob verbal oder nonverbal. Nonverbale Kommunikation&nbsp; r\u00fcckt in den Vordergrund, wenn bei den Betroffenen Ged\u00e4chtnis und Sprache beeintr\u00e4chtigt sind. Ebenso&nbsp; unterst\u00fctze und f\u00f6rdere ich die <strong>Zusammenarbeit mit den medizinischen Versorgern<\/strong>, den \u00c4rztinnen und \u00c4rtzen, den Pflegenden, den Psychologinnen und Psychologen u.a. Dar\u00fcber hinaus ist mir die Unterst\u00fctzung und Beratung innerhalb der <strong>Familie<\/strong> ein wichtiges Anliegen.<\/p>\n\n\n\n<p>Mein Anliegen ist es, die Lebensqualit\u00e4t der betroffenen Menschen, die mit einer lebensbedrohlichen Erkrankung konfrontiert sind zu verbessern. Ihnen und ihren Familien eine Ressource im Umgang mit dem Lebensende zu sein und damit zu einer qualitativ hochwertigen Palliativversorgung beizutragen. Folgender Erfahrungebericht gibt n\u00e4here Einblicke in meine Arbeit in der Sterbebegleitung.<\/p>\n\n\n\n<h2 class=\"wp-block-heading\">Erfahrungsberichte<\/h2>\n\n\n\n<h3 class=\"wp-block-heading\">1. <a href=\"https:\/\/alice.ash-berlin.eu\/seitenwechsel\/news\/sterben\/\">&#8230;und dann kam Corona<br>Sterben<\/a><\/h3>\n\n\n\n<p>Physiotherapeutische Versorgung im h\u00e4uslichen Umfeld w\u00e4hrend der Pandemie \u2013 ein Erfahrungsbericht \/ <small><time datetime=\"2020-12-15\">15.12.2020<\/time> | Petra K\u00fchnast:&nbsp;<\/small><\/p>\n\n\n\n<p>In: <a href=\"https:\/\/www.ash-berlin.eu\/fileadmin\/Daten\/News\/2020\/alice_40_Web.pdf\"><em>alice magazin<\/em> der Alice Salomon Hochschule Berlin Nr. 40 Wintersemester 2020\/21, S. 29-30.<\/a><\/p>\n\n\n\n<h3 class=\"wp-block-heading\">2. Individuelle L\u00f6sungen in Krisenzeiten. \u201eWarum gibt es keine f\u00fcrsorgende Therapie?\u201c<\/h3>\n\n\n\n<p>Interview von Dr. Tanja Bo\u00dfmann mit Petra K\u00fchnast.<\/p>\n\n\n\n<p>In: <strong>pt<\/strong> Zeitschrift f\u00fcr Physotherapeuten Dezember 2020. S. 47-49.<\/p>\n\n\n\n<p>* Leistungen nur Privat und Selbstzahler<\/p>\n","protected":false},"excerpt":{"rendered":"<p>Therapeutische Leistungen* in Ihrem h\u00e4uslichen und beruflichen Umfeld Krankengymnastik Manuelle Therapie Qi Gong Tai Qi \u2013 Qi Gong Behandlung bei Fehlregulation der Muskel- oder Gelenkfunktion der Kiefergelenke Behandlungen neuro-physiologischer Beeintr\u00e4chtigungen (bspw. Schlaganfall, Multiple Sklerose) Behandlungen gyn\u00e4kologischer Erkrankungen u.v.a.m. Leistungen* in Ihrem h\u00e4uslichen Umfeld Seit 2005 bin ich in der h\u00e4uslichen Palliativversorgung t\u00e4tig. Neben den physiotherapeutischen &hellip; <a href=\"https:\/\/physiotl.de\/?page_id=2\" class=\"more-link\"><span class=\"screen-reader-text\">Physio &#8211; Therapie<\/span> weiterlesen<\/a><\/p>\n","protected":false},"author":1,"featured_media":0,"parent":0,"menu_order":0,"comment_status":"closed","ping_status":"closed","template":"","meta":{"footnotes":""},"class_list":["post-2","page","type-page","status-publish","hentry"],"_links":{"self":[{"href":"https:\/\/physiotl.de\/index.php?rest_route=\/wp\/v2\/pages\/2","targetHints":{"allow":["GET"]}}],"collection":[{"href":"https:\/\/physiotl.de\/index.php?rest_route=\/wp\/v2\/pages"}],"about":[{"href":"https:\/\/physiotl.de\/index.php?rest_route=\/wp\/v2\/types\/page"}],"author":[{"embeddable":true,"href":"https:\/\/physiotl.de\/index.php?rest_route=\/wp\/v2\/users\/1"}],"replies":[{"embeddable":true,"href":"https:\/\/physiotl.de\/index.php?rest_route=%2Fwp%2Fv2%2Fcomments&post=2"}],"version-history":[{"count":31,"href":"https:\/\/physiotl.de\/index.php?rest_route=\/wp\/v2\/pages\/2\/revisions"}],"predecessor-version":[{"id":293,"href":"https:\/\/physiotl.de\/index.php?rest_route=\/wp\/v2\/pages\/2\/revisions\/293"}],"wp:attachment":[{"href":"https:\/\/physiotl.de\/index.php?rest_route=%2Fwp%2Fv2%2Fmedia&parent=2"}],"curies":[{"name":"wp","href":"https:\/\/api.w.org\/{rel}","templated":true}]}}