{"id":277,"date":"2024-10-11T10:21:55","date_gmt":"2024-10-11T10:21:55","guid":{"rendered":"https:\/\/physiotl.de\/?page_id=277"},"modified":"2025-03-02T14:32:48","modified_gmt":"2025-03-02T14:32:48","slug":"arbeitskreis-ethik-in-der-physiotherapie","status":"publish","type":"page","link":"https:\/\/physiotl.de\/?page_id=277","title":{"rendered":"Arbeitskreis Ethik in der Physiotherapie"},"content":{"rendered":"\n<p><strong>Keine Ahnung von Menschenrechten der Physiotherapie?<\/strong><br>Hast Du Lust, Dich mit uns, ein paar Physiotherapeut:innen, &nbsp;\u00fcber Menschenrecht in der Physiotherapie auszutauschen? Wir setzten uns mit normativen Fragen in der Physiotherapie auseinander und machen ihre Wirkung in der t\u00e4glichen Praxis der Physiotherapie sichtbar. Im Zentrum stehen Menschenrechte, wie Gerechtigkeit, W\u00fcrde, Respekt, F\u00fcrsorge und Autonomie. Wir sehen sie als Bestandteil jeder physiotherapeutischen Interaktion, weil sie den Umgang mit Patientinnen und Patienten, mit Kolleginnen und Kollegen und letztlich mit uns selbst beeinflussen. Werden sie respektiert und gelebt, hat das Auswirkungen auf den Behandlungserfolg, die berufliche Zufriedenheit, auf gute Zusammenarbeit im Team, etc. Aber, was bedeuten die Begriffe konkret? Wie setzten wir sie in unserem t\u00e4glichen beruflichen Umfeld um?<br>Der Arbeitskreis <em>Ethik in der Physiotherapie<\/em> besch\u00e4ftigt sich mit diesen Fragen. Unser Anliegen ist es, normativen Themen, wie Verteilungsgerechtigkeit, Ressourcenknappheit, mangelndes Problembewusstsein oder Ethik im Kontext patienten-orientierter Ziele, Raum f\u00fcr Austausch und Verst\u00e4ndigung zu geben. Im Dialog wollen wir die Bedeutung normativer Aspekte unseres physiotherapeutischen Handelns herausarbeiten und bewusst machen. Ziel ist vertraute Selbstverst\u00e4ndlichkeiten zu reflektieren, unser Handeln neu zu bewerten und ggf. anzupassen. &nbsp;<\/p>\n\n\n\n<p><strong>Anmeldung<\/strong><br>Der Arbeitskreis findet jeden zweiten Monat am dritten Dienstag im Monat von 18:30 Uhr bis 20 Uhr online \u00fcber Zoom statt. Interessierte k\u00f6nnen sich an <a href=\"mailto:info@lvno.physio-deutschland.de\">info@lvno.physio-deutschland.de<\/a> wenden, um sich in den Linkverteiler f\u00fcr die Onlineveranstaltung eintragen zu lassen.<\/p>\n\n\n\n<p><strong>Unsere n\u00e4chsten Treffen finden statt:<\/strong><\/p>\n\n\n\n<ul class=\"wp-block-list\">\n<li><strong>Grenzen der Ber\u00fchrung und k\u00f6rperliche N\u00e4he<\/strong> &#8211; Dienstag, den 15.04.25 um 18:30 Uhr bis 20:00 Uhr<\/li>\n\n\n\n<li><strong>Verh\u00e4ltnis von Kosten und Nutzen<\/strong> &#8211; Dienstag, den 17.06.25 um 18:30 Uhr bis 20:00 Uhr<\/li>\n\n\n\n<li><strong>Information und Aufkl\u00e4rung<\/strong> &#8211; Dienstag, den 19.08.25 um 18:30 Uhr bis 20:00 Uhr<\/li>\n\n\n\n<li><strong>Berufliche Grenzen und Verantwortlichkeiten<\/strong> &#8211; Dienstag, den 21.10.25 um 18:30 Uhr bis 20:00 Uhr<\/li>\n\n\n\n<li><strong>Umgang mit chronischen und terminalen Erkrankungen<\/strong> &#8211; Dienstag, den 16.12.25 um 18:30 Uhr bis 20:00 Uhr<\/li>\n<\/ul>\n\n\n\n<p><strong>Bisherige Themen:<\/strong><\/p>\n\n\n\n<ul class=\"wp-block-list\">\n<li>Ethische Grundhaltung in Therapieberufen<\/li>\n\n\n\n<li>Ethik, Berufsethik und Forschungsethik in der Physiotherapie<\/li>\n\n\n\n<li>Theorien der Ethik: Werkzeuge therapeutischer Entscheidungsfindung<\/li>\n\n\n\n<li>Gerechtigkeit in der Physiotherapie<\/li>\n\n\n\n<li>Modell zur Reflexion ethischer Situationen in der Physiotherapie<\/li>\n\n\n\n<li>Reflexion statt Selbstverst\u00e4ndlichkeit &#8211; Normative Fragen in der Physiotherapie<br><br><strong>Ziele des Arbeitskreies<\/strong><br>Der AK bietet eine Plattform, &#8230;<\/li>\n\n\n\n<li>in der die Ethik aus der Praxis der Physiotherapie einenRaum bekommt.<\/li>\n\n\n\n<li>in der Informationen zu unterschiedlichen theoretischen Zug\u00e4ngen der philosophischen Disziplin Ethik besprochen werden.<\/li>\n\n\n\n<li>in dem unterschiedliche Dilemma und ethische Fragestellungen im Berufsfeld der Physiotherapie besprochen und analysiertwerden.<\/li>\n\n\n\n<li>um pers\u00f6nliche Kompetenzen im Verantwortungsbereich der Physiotherapie zu erweitern.<\/li>\n\n\n\n<li>um professionelles Handeln zu erm\u00f6glichen, indem die Meinungsbildung unterst\u00fctzt und Begr\u00fcndungen f\u00fcr eigenes (gutes) Handeln formuliert und kommuniziert werden.<\/li>\n\n\n\n<li>um professionelles (ethisches) Handeln von Kolleginnen und Kollegen, die Ethik nicht in ihrer Ausbildung hatten, zu erm\u00f6glichen.<\/li>\n\n\n\n<li>um besser nachvollziehen zu k\u00f6nnen, auf welche wertegeleiteten Probleme die Physiotherapie in der Praxis trifft und <\/li>\n\n\n\n<li>was den Kolleginnen und Kollegen hilft, besser mit ihnen umzugehen.<\/li>\n<\/ul>\n\n\n\n<p><strong>Was kann der Arbeitskreis nicht?<\/strong><br>Er kann keine Schlichtungsstelle f\u00fcr ethischeProbleme in der Praxis der Physiotherapie sein.<br>Er kann ethische Fragestellungen f\u00fcr die Gesamtheit der Praxis der Physiotherapie wahrscheinlich nicht vollst\u00e4ndig abbilden.<br>Er kann keine vollst\u00e4ndigen L\u00f6sungen f\u00fcr ethische Fragestellungen bieten.<br>Er kann keine ethischen Prinzipien, Leitlinien odereinen Ethikkodex entwerfen.<\/p>\n\n\n\n<p><\/p>\n","protected":false},"excerpt":{"rendered":"<p>Keine Ahnung von Menschenrechten der Physiotherapie?Hast Du Lust, Dich mit uns, ein paar Physiotherapeut:innen, &nbsp;\u00fcber Menschenrecht in der Physiotherapie auszutauschen? Wir setzten uns mit normativen Fragen in der Physiotherapie auseinander und machen ihre Wirkung in der t\u00e4glichen Praxis der Physiotherapie sichtbar. Im Zentrum stehen Menschenrechte, wie Gerechtigkeit, W\u00fcrde, Respekt, F\u00fcrsorge und Autonomie. Wir sehen sie &hellip; <a href=\"https:\/\/physiotl.de\/?page_id=277\" class=\"more-link\"><span class=\"screen-reader-text\">Arbeitskreis Ethik in der Physiotherapie<\/span> weiterlesen<\/a><\/p>\n","protected":false},"author":1,"featured_media":0,"parent":0,"menu_order":0,"comment_status":"closed","ping_status":"closed","template":"","meta":{"footnotes":""},"class_list":["post-277","page","type-page","status-publish","hentry"],"_links":{"self":[{"href":"https:\/\/physiotl.de\/index.php?rest_route=\/wp\/v2\/pages\/277","targetHints":{"allow":["GET"]}}],"collection":[{"href":"https:\/\/physiotl.de\/index.php?rest_route=\/wp\/v2\/pages"}],"about":[{"href":"https:\/\/physiotl.de\/index.php?rest_route=\/wp\/v2\/types\/page"}],"author":[{"embeddable":true,"href":"https:\/\/physiotl.de\/index.php?rest_route=\/wp\/v2\/users\/1"}],"replies":[{"embeddable":true,"href":"https:\/\/physiotl.de\/index.php?rest_route=%2Fwp%2Fv2%2Fcomments&post=277"}],"version-history":[{"count":6,"href":"https:\/\/physiotl.de\/index.php?rest_route=\/wp\/v2\/pages\/277\/revisions"}],"predecessor-version":[{"id":376,"href":"https:\/\/physiotl.de\/index.php?rest_route=\/wp\/v2\/pages\/277\/revisions\/376"}],"wp:attachment":[{"href":"https:\/\/physiotl.de\/index.php?rest_route=%2Fwp%2Fv2%2Fmedia&parent=277"}],"curies":[{"name":"wp","href":"https:\/\/api.w.org\/{rel}","templated":true}]}}